{"id":226,"date":"2025-03-22T08:27:33","date_gmt":"2025-03-22T10:27:33","guid":{"rendered":"https:\/\/ip185-132-45-62.pbiaas.com\/f47d184a-febd-11ef-b56c-6b1e8a3c0b04\/?page_id=226"},"modified":"2025-03-22T08:27:33","modified_gmt":"2025-03-22T10:27:33","slug":"utrecht-zuilen","status":"publish","type":"page","link":"https:\/\/utrechtnoordwest.net\/f47d184a-febd-11ef-b56c-6b1e8a3c0b04\/utrecht-zuilen\/","title":{"rendered":"Utrecht Zuilen"},"content":{"rendered":"<p>El distrito noroeste fue creado en la d\u00e9cada de 1950 como resultado de la fusi\u00f3n de la ciudad de Utrecht y la zona del castillo de Zuilen, que se menciona en la historia desde el siglo VII como la ubicaci\u00f3n de varios elementos paisaj\u00edsticos visibles desde una gran distancia.<\/p>\n<p>Vertedero de flechas<\/p>\n<p>Pijlsweerd se construy\u00f3 en gran parte entre los a\u00f1os 1950 y 1970. Tambi\u00e9n se pueden encontrar algunos edificios m\u00e1s antiguos. Una caracter\u00edstica del barrio es la combinaci\u00f3n de peque\u00f1os edificios residenciales y grandes oficinas e instituciones educativas a lo largo del eje principal de Oudenoord. El Parque N\u00f3rdico es la \u00fanica zona verde del distrito. Las viviendas existentes son en gran parte privadas, con algunas viviendas sociales alrededor del Parque Noordse. En el lado de Vecht se ha construido el nuevo edificio Zijdebalen con numerosos apartamentos apilados. La antigua f\u00e1brica de Lubro se ha mantenido en pie y se le dar\u00e1 un nuevo uso. A lo largo del Oudenoord tambi\u00e9n se est\u00e1n dando nuevos usos a antiguas oficinas y edificios educativos o se est\u00e1n sustituyendo por edificios residenciales.<\/p>\n<p>Los l\u00edmites de Pijlsweerd son: el Vecht y la l\u00ednea ferroviaria.<\/p>\n<p>Poco profundo<\/p>\n<p>Ondiep est\u00e1 formado por una gran cantidad de viviendas p\u00fablicas. Este barrio fue el primero de Utrecht en el que se construyeron tantas viviendas p\u00fablicas en los a\u00f1os 1920 y 1930. Tambi\u00e9n hay una peque\u00f1a franja de viviendas p\u00fablicas de la d\u00e9cada de 1950. Ondiep ha estado experimentando renovaciones a gran escala desde la d\u00e9cada de 1990. Una parte de las viviendas sociales han sido sustituidas por viviendas en propiedad. La nueva construcci\u00f3n se integra en parte con el car\u00e1cter existente de las peque\u00f1as casas unifamiliares. Adem\u00e1s, la nueva construcci\u00f3n consta de bloques de viviendas (de mayor altura). La \u00fanica zona verde de la zona son los campos deportivos del noroeste.<\/p>\n<p>Los l\u00edmites de Ondiep son: Vecht, Omloop\/Ahornstraat, Marnixlaan y Amsterdamsestraatweg.<\/p>\n<p>2.\u00ba Daalsedijk\/Amsterdamsestraatweg\/Distrito de las Flores<\/p>\n<p>La zona alrededor de 2e Daalsedijk, Egelantierstraat y Mari\u00ebndaalstraat forma parte de Bloemenbuurt. Los edificios consisten en gran parte en casas de trabajadores de finales del siglo XIX y principios del XX. Las calles son estrechas y una gran zona est\u00e1 pavimentada. En los laterales del viaducto (Mitros) y de Josephlaan (Portaal) hay sobre todo viviendas particulares, pero tambi\u00e9n viviendas sociales.<\/p>\n<p>Actualmente (2022) se est\u00e1 construyendo la nueva zona residencial &#8216;Wisselspoor&#8217; en el antiguo sitio del ferrocarril. El patrimonio ferroviario se conserva y se le da un nuevo uso. Los peque\u00f1os parques proporcionan aqu\u00ed espacio adicional con vegetaci\u00f3n p\u00fablica.<\/p>\n<p>La Amsterdamsestraatweg divide el barrio en dos y desde el pasado ha sido una importante calle comercial del barrio. El centro comercial De Plantage tambi\u00e9n se encuentra cerca. Toda la zona se encuentra entre la estaci\u00f3n de Spoordijk y Zuilen y el Royalaard van de Hamkade por un lado. Y el viaducto ferroviario de Amsterdamsestraatweg y la intersecci\u00f3n de Josephlaan en el otro lado.<\/p>\n<p>Columnas de Zuilen (Area de ciudad de Utrecht, Zuilen significa &#8220;multiplas columnas&#8221; en Holandes)<\/p>\n<p>Zuilen es un conjunto de barrios de distintos periodos del siglo XX, conectados entre s\u00ed por la estructura de carreteras de la d\u00e9cada de 1920: Van Egmond y van Hoornekade, Van Tuylkade \u2013 Bernhardlaan \u2013 Norbruislaan (construida seg\u00fan el Plan Berlage de 1920). Adem\u00e1s de estas carreteras, la Amsterdamsestraatweg es un eje importante. Zuilen se puede dividir en oeste (principalmente antes de la guerra), este (principalmente despu\u00e9s de la guerra) y norte (nuevas construcciones y campos deportivos).<\/p>\n<p>Los l\u00edmites de Zuilen son: Vecht, Marnixlaan, la l\u00ednea ferroviaria y el Canal \u00c1msterdam-Rin.<\/p>\n<p>Pilares del Oeste (entre el Canal de \u00c1msterdam-Rin, Marnixlaan, Van Hoornekade, Norbruislaan y Van Heukelomlaan)<\/p>\n<p>Los edificios datan en su mayor\u00eda de la primera mitad del siglo XX y se componen principalmente de viviendas unifamiliares (privadas) y viviendas en planta alta y baja. Elinkwijk y el \u00e1rea alrededor de De Lessepsstraat han sido designados como paisajes urbanos protegidos a nivel nacional debido a su car\u00e1cter especial de &#8220;ciudad jard\u00edn&#8221;. Como es el parque m\u00e1s grande de Zuilen, el Julianapark es importante para todo el distrito, mientras que la vegetaci\u00f3n de Van Heukelomlob es principalmente para los alrededores inmediatos. El antiguo emplazamiento de Demka se convirti\u00f3 en los a\u00f1os 80 y 90 en un pol\u00edgono industrial mixto.<\/p>\n<p>La mayor\u00eda de las viviendas son de propiedad privada, con la excepci\u00f3n de las viviendas sociales en Geuzenbuurt (Van Egmond y van Hoornekade) y De Lessepsbuurt. Las casas en De Lessepsbuurt se venden mediante transferencia desde hace varios a\u00f1os.<\/p>\n<p>Pilares del Este (entre Vecht, Marnixlaan, Van Hoornekade y Norbruislaan)<\/p>\n<p>Gran parte de la construcci\u00f3n data de los a\u00f1os de posguerra, pero desde la d\u00e9cada de 1990 se han construido nuevos edificios en varios lugares. Esto significa que hoy en d\u00eda hay edificios muy diferentes, desde villas de lujo en Vecht hasta pisos con porche de los a\u00f1os 60. La vegetaci\u00f3n est\u00e1 presente principalmente a lo largo del Vecht con las Vechtplantsoen. El centro comercial Rokade forma parte de la renovaci\u00f3n de Schaakwijk y es una importante zona comercial. El Complejo Principesco, que anteriormente albergaba dos escuelas, ahora tiene un prop\u00f3sito diferente. Actualmente es un importante lugar de encuentro cultural.<\/p>\n<p>&nbsp;<\/p>\n","protected":false},"excerpt":{"rendered":"<p>El distrito noroeste fue creado en la d\u00e9cada de 1950 como resultado de la fusi\u00f3n de la ciudad de Utrecht y la zona del castillo de Zuilen, que se menciona en la historia desde el siglo VII como la ubicaci\u00f3n de varios elementos paisaj\u00edsticos visibles desde una gran distancia. Vertedero de flechas Pijlsweerd se construy\u00f3 &hellip; <a href=\"https:\/\/utrechtnoordwest.net\/f47d184a-febd-11ef-b56c-6b1e8a3c0b04\/utrecht-zuilen\/\" class=\"more-link\">Ga door met lezen van <span class=\"screen-reader-text\"> &#8220;Utrecht Zuilen&#8221;<\/span><\/a><\/p>\n","protected":false},"author":1,"featured_media":0,"parent":0,"menu_order":0,"comment_status":"closed","ping_status":"closed","template":"","meta":{"_bbp_topic_count":0,"_bbp_reply_count":0,"_bbp_total_topic_count":0,"_bbp_total_reply_count":0,"_bbp_voice_count":0,"_bbp_anonymous_reply_count":0,"_bbp_topic_count_hidden":0,"_bbp_reply_count_hidden":0,"_bbp_forum_subforum_count":0,"footnotes":""},"class_list":["post-226","page","type-page","status-publish","hentry"],"_links":{"self":[{"href":"https:\/\/utrechtnoordwest.net\/f47d184a-febd-11ef-b56c-6b1e8a3c0b04\/wp-json\/wp\/v2\/pages\/226","targetHints":{"allow":["GET"]}}],"collection":[{"href":"https:\/\/utrechtnoordwest.net\/f47d184a-febd-11ef-b56c-6b1e8a3c0b04\/wp-json\/wp\/v2\/pages"}],"about":[{"href":"https:\/\/utrechtnoordwest.net\/f47d184a-febd-11ef-b56c-6b1e8a3c0b04\/wp-json\/wp\/v2\/types\/page"}],"author":[{"embeddable":true,"href":"https:\/\/utrechtnoordwest.net\/f47d184a-febd-11ef-b56c-6b1e8a3c0b04\/wp-json\/wp\/v2\/users\/1"}],"replies":[{"embeddable":true,"href":"https:\/\/utrechtnoordwest.net\/f47d184a-febd-11ef-b56c-6b1e8a3c0b04\/wp-json\/wp\/v2\/comments?post=226"}],"version-history":[{"count":0,"href":"https:\/\/utrechtnoordwest.net\/f47d184a-febd-11ef-b56c-6b1e8a3c0b04\/wp-json\/wp\/v2\/pages\/226\/revisions"}],"wp:attachment":[{"href":"https:\/\/utrechtnoordwest.net\/f47d184a-febd-11ef-b56c-6b1e8a3c0b04\/wp-json\/wp\/v2\/media?parent=226"}],"curies":[{"name":"wp","href":"https:\/\/api.w.org\/{rel}","templated":true}]}}