{"id":261,"date":"2025-03-22T10:41:31","date_gmt":"2025-03-22T12:41:31","guid":{"rendered":"https:\/\/ip185-132-45-62.pbiaas.com\/f47d184a-febd-11ef-b56c-6b1e8a3c0b04\/?page_id=261"},"modified":"2025-03-22T10:41:31","modified_gmt":"2025-03-22T12:41:31","slug":"change-to-privacy-policy-of-website","status":"publish","type":"page","link":"https:\/\/utrechtnoordwest.net\/f47d184a-febd-11ef-b56c-6b1e8a3c0b04\/change-to-privacy-policy-of-website\/","title":{"rendered":"Change to Privacy Policy of Website"},"content":{"rendered":"<p>NOTIFICATION OF UTRECHTNOORDWEST.NET ADMINISTRATION DEPARTMENT<\/p>\n<p>Nuestras cookies necesarias garantizan que los sitios web y las aplicaciones funcionen correctamente. No puedes rechazar estas cookies.<br \/>\nNuestras cookies estad\u00edsticas recopilan estad\u00edsticas no identificables sobre c\u00f3mo utiliza nuestros sitios web y aplicaciones. Analizamos esta informaci\u00f3n para mejorar nuestros sitios web y aplicaciones. No puedes rechazar estas cookies.<br \/>\nCon su consentimiento, nuestras cookies anal\u00edticas recopilan datos rastreables sobre c\u00f3mo utiliza nuestros sitios web y aplicaciones. Analizamos esta informaci\u00f3n para detectar errores y mejorar nuestros sitios web y aplicaciones.<br \/>\nCon nuestras cookies de marketing, nosotros y nuestros socios, con su permiso, rastreamos su comportamiento en nuestros sitios web y aplicaciones para determinar sus intereses y as\u00ed poder mostrarle anuncios adaptados a sus intereses.<\/p>\n<p>&nbsp;<\/p>\n<p>\u062a\u0636\u0645\u0646 \u0645\u0644\u0641\u0627\u062a \u062a\u0639\u0631\u064a\u0641 \u0627\u0644\u0627\u0631\u062a\u0628\u0627\u0637 \u0627\u0644\u0636\u0631\u0648\u0631\u064a\u0629 \u0644\u062f\u064a\u0646\u0627 \u0639\u0645\u0644 \u0645\u0648\u0627\u0642\u0639 \u0627\u0644\u0648\u064a\u0628 \u0648\u0627\u0644\u062a\u0637\u0628\u064a\u0642\u0627\u062a \u0628\u0634\u0643\u0644 \u0635\u062d\u064a\u062d. \u0644\u0627 \u064a\u0645\u0643\u0646\u0643 \u0631\u0641\u0636 \u0645\u0644\u0641\u0627\u062a \u062a\u0639\u0631\u064a\u0641 \u0627\u0644\u0627\u0631\u062a\u0628\u0627\u0637 \u0647\u0630\u0647.<br \/>\n\u062a\u0642\u0648\u0645 \u0645\u0644\u0641\u0627\u062a \u062a\u0639\u0631\u064a\u0641 \u0627\u0644\u0627\u0631\u062a\u0628\u0627\u0637 \u0627\u0644\u0625\u062d\u0635\u0627\u0626\u064a\u0629 \u0627\u0644\u062e\u0627\u0635\u0629 \u0628\u0646\u0627 \u0628\u062c\u0645\u0639 \u0625\u062d\u0635\u0627\u0626\u064a\u0627\u062a \u063a\u064a\u0631 \u0642\u0627\u0628\u0644\u0629 \u0644\u0644\u062a\u0639\u0631\u064a\u0641 \u062d\u0648\u0644 \u0643\u064a\u0641\u064a\u0629 \u0627\u0633\u062a\u062e\u062f\u0627\u0645\u0643 \u0644\u0645\u0648\u0627\u0642\u0639\u0646\u0627 \u0627\u0644\u0625\u0644\u0643\u062a\u0631\u0648\u0646\u064a\u0629 \u0648\u062a\u0637\u0628\u064a\u0642\u0627\u062a\u0646\u0627. \u0646\u0642\u0648\u0645 \u0628\u062a\u062d\u0644\u064a\u0644 \u0647\u0630\u0647 \u0627\u0644\u0645\u0639\u0644\u0648\u0645\u0627\u062a \u0644\u062a\u062d\u0633\u064a\u0646 \u0645\u0648\u0627\u0642\u0639\u0646\u0627 \u0627\u0644\u0625\u0644\u0643\u062a\u0631\u0648\u0646\u064a\u0629 \u0648\u062a\u0637\u0628\u064a\u0642\u0627\u062a\u0646\u0627. \u0644\u0627 \u064a\u0645\u0643\u0646\u0643 \u0631\u0641\u0636 \u0645\u0644\u0641\u0627\u062a \u062a\u0639\u0631\u064a\u0641 \u0627\u0644\u0627\u0631\u062a\u0628\u0627\u0637 \u0647\u0630\u0647.<br \/>\n\u0628\u0645\u0648\u0627\u0641\u0642\u062a\u0643\u060c \u062a\u0642\u0648\u0645 \u0645\u0644\u0641\u0627\u062a \u062a\u0639\u0631\u064a\u0641 \u0627\u0644\u0627\u0631\u062a\u0628\u0627\u0637 \u0627\u0644\u062a\u062d\u0644\u064a\u0644\u064a\u0629 \u0627\u0644\u062e\u0627\u0635\u0629 \u0628\u0646\u0627 \u0628\u062c\u0645\u0639 \u0628\u064a\u0627\u0646\u0627\u062a \u0642\u0627\u0628\u0644\u0629 \u0644\u0644\u062a\u062a\u0628\u0639 \u062d\u0648\u0644 \u0643\u064a\u0641\u064a\u0629 \u0627\u0633\u062a\u062e\u062f\u0627\u0645\u0643 \u0644\u0645\u0648\u0627\u0642\u0639\u0646\u0627 \u0627\u0644\u0625\u0644\u0643\u062a\u0631\u0648\u0646\u064a\u0629 \u0648\u062a\u0637\u0628\u064a\u0642\u0627\u062a\u0646\u0627. \u0646\u0642\u0648\u0645 \u0628\u062a\u062d\u0644\u064a\u0644 \u0647\u0630\u0647 \u0627\u0644\u0645\u0639\u0644\u0648\u0645\u0627\u062a \u0644\u0627\u0643\u062a\u0634\u0627\u0641 \u0627\u0644\u0623\u062e\u0637\u0627\u0621 \u0648\u062a\u062d\u0633\u064a\u0646 \u0645\u0648\u0627\u0642\u0639\u0646\u0627 \u0627\u0644\u0625\u0644\u0643\u062a\u0631\u0648\u0646\u064a\u0629 \u0648\u062a\u0637\u0628\u064a\u0642\u0627\u062a\u0646\u0627.<br \/>\n\u0628\u0627\u0633\u062a\u062e\u062f\u0627\u0645 \u0645\u0644\u0641\u0627\u062a \u062a\u0639\u0631\u064a\u0641 \u0627\u0644\u0627\u0631\u062a\u0628\u0627\u0637 \u0627\u0644\u062a\u0633\u0648\u064a\u0642\u064a\u0629 \u0627\u0644\u062e\u0627\u0635\u0629 \u0628\u0646\u0627\u060c \u0646\u0642\u0648\u0645 \u0646\u062d\u0646 \u0648\u0634\u0631\u0643\u0627\u0624\u0646\u0627\u060c \u0628\u0625\u0630\u0646 \u0645\u0646\u0643\u060c \u0628\u062a\u062a\u0628\u0639 \u0633\u0644\u0648\u0643\u0643 \u0639\u0644\u0649 \u0645\u0648\u0627\u0642\u0639\u0646\u0627 \u0627\u0644\u0625\u0644\u0643\u062a\u0631\u0648\u0646\u064a\u0629 \u0648\u062a\u0637\u0628\u064a\u0642\u0627\u062a\u0646\u0627 \u0644\u062a\u062d\u062f\u064a\u062f \u0627\u0647\u062a\u0645\u0627\u0645\u0627\u062a\u0643 \u0648\u0628\u0627\u0644\u062a\u0627\u0644\u064a \u0646\u062a\u0645\u0643\u0646 \u0645\u0646 \u0639\u0631\u0636 \u0625\u0639\u0644\u0627\u0646\u0627\u062a \u0645\u062e\u0635\u0635\u0629 \u0644\u0643 \u0648\u0641\u0642\u064b\u0627 \u0644\u0627\u0647\u062a\u0645\u0627\u0645\u0627\u062a\u0643.<\/p>\n","protected":false},"excerpt":{"rendered":"<p>NOTIFICATION OF UTRECHTNOORDWEST.NET ADMINISTRATION DEPARTMENT Nuestras cookies necesarias garantizan que los sitios web y las aplicaciones funcionen correctamente. No puedes rechazar estas cookies. Nuestras cookies estad\u00edsticas recopilan estad\u00edsticas no identificables sobre c\u00f3mo utiliza nuestros sitios web y aplicaciones. Analizamos esta informaci\u00f3n para mejorar nuestros sitios web y aplicaciones. No puedes rechazar estas cookies. Con su &hellip; <a href=\"https:\/\/utrechtnoordwest.net\/f47d184a-febd-11ef-b56c-6b1e8a3c0b04\/change-to-privacy-policy-of-website\/\" class=\"more-link\">Ga door met lezen van <span class=\"screen-reader-text\"> &#8220;Change to Privacy Policy of Website&#8221;<\/span><\/a><\/p>\n","protected":false},"author":1,"featured_media":0,"parent":0,"menu_order":0,"comment_status":"closed","ping_status":"closed","template":"","meta":{"_bbp_topic_count":0,"_bbp_reply_count":0,"_bbp_total_topic_count":0,"_bbp_total_reply_count":0,"_bbp_voice_count":0,"_bbp_anonymous_reply_count":0,"_bbp_topic_count_hidden":0,"_bbp_reply_count_hidden":0,"_bbp_forum_subforum_count":0,"footnotes":""},"class_list":["post-261","page","type-page","status-publish","hentry"],"_links":{"self":[{"href":"https:\/\/utrechtnoordwest.net\/f47d184a-febd-11ef-b56c-6b1e8a3c0b04\/wp-json\/wp\/v2\/pages\/261","targetHints":{"allow":["GET"]}}],"collection":[{"href":"https:\/\/utrechtnoordwest.net\/f47d184a-febd-11ef-b56c-6b1e8a3c0b04\/wp-json\/wp\/v2\/pages"}],"about":[{"href":"https:\/\/utrechtnoordwest.net\/f47d184a-febd-11ef-b56c-6b1e8a3c0b04\/wp-json\/wp\/v2\/types\/page"}],"author":[{"embeddable":true,"href":"https:\/\/utrechtnoordwest.net\/f47d184a-febd-11ef-b56c-6b1e8a3c0b04\/wp-json\/wp\/v2\/users\/1"}],"replies":[{"embeddable":true,"href":"https:\/\/utrechtnoordwest.net\/f47d184a-febd-11ef-b56c-6b1e8a3c0b04\/wp-json\/wp\/v2\/comments?post=261"}],"version-history":[{"count":0,"href":"https:\/\/utrechtnoordwest.net\/f47d184a-febd-11ef-b56c-6b1e8a3c0b04\/wp-json\/wp\/v2\/pages\/261\/revisions"}],"wp:attachment":[{"href":"https:\/\/utrechtnoordwest.net\/f47d184a-febd-11ef-b56c-6b1e8a3c0b04\/wp-json\/wp\/v2\/media?parent=261"}],"curies":[{"name":"wp","href":"https:\/\/api.w.org\/{rel}","templated":true}]}}